{"id":29,"date":"2025-06-13T09:46:11","date_gmt":"2025-06-13T07:46:11","guid":{"rendered":"https:\/\/www.hotel-gasthof-rangau.de\/?page_id=29"},"modified":"2026-03-05T08:52:43","modified_gmt":"2026-03-05T07:52:43","slug":"kontakt-anfahrt","status":"publish","type":"page","link":"https:\/\/www.hotel-gasthof-rangau.de\/en\/kontakt-anfahrt\/","title":{"rendered":"Contact &amp; Directions"},"content":{"rendered":"\t\t<div data-elementor-type=\"wp-page\" data-elementor-id=\"29\" class=\"elementor elementor-29\" data-elementor-post-type=\"page\">\n\t\t\t\t<div class=\"elementor-element elementor-element-79629433 elementor-hidden-desktop elementor-hidden-laptop elementor-hidden-tablet_extra elementor-hidden-tablet elementor-hidden-mobile e-flex e-con-boxed e-con e-parent\" data-id=\"79629433\" data-element_type=\"container\" data-e-type=\"container\">\n\t\t\t\t\t<div class=\"e-con-inner\">\n\t\t\t\t\t<\/div>\n\t\t\t\t<\/div>\n\t\t<div class=\"elementor-element elementor-element-26177569 e-con-full e-flex e-con e-parent\" data-id=\"26177569\" data-element_type=\"container\" data-e-type=\"container\" data-settings=\"{&quot;background_background&quot;:&quot;classic&quot;}\">\n\t\t<div class=\"elementor-element elementor-element-365729d1 e-con-full e-flex e-con e-child\" data-id=\"365729d1\" data-element_type=\"container\" data-e-type=\"container\">\n\t\t\t\t<div class=\"elementor-element elementor-element-25f65b5c elementor-widget elementor-widget-text-editor\" data-id=\"25f65b5c\" data-element_type=\"widget\" data-e-type=\"widget\" data-widget_type=\"text-editor.default\">\n\t\t\t\t\t\t\t\t\t<h1 class=\"csc-firstHeader\" style=\"text-align: center;\">Nutzen Sie unser Kontaktformular<\/h1>\t\t\t\t\t\t\t\t<\/div>\n\t\t\t\t<div class=\"elementor-element elementor-element-353f39cd elementor-widget elementor-widget-text-editor\" data-id=\"353f39cd\" data-element_type=\"widget\" data-e-type=\"widget\" data-widget_type=\"text-editor.default\">\n\t\t\t\t\t\t\t\t\t<p style=\"text-align: center;\">&#8230; wenn Sie Fragen, W\u00fcnsche oder Anregungen haben. Zeitnah werden wir uns bei Ihnen zur\u00fcckmelden.<\/p><p style=\"text-align: center;\">Wir freuen uns jetzt schon auf Ihre Nachricht.<\/p>\t\t\t\t\t\t\t\t<\/div>\n\t\t\t\t<\/div>\n\t\t\t\t<\/div>\n\t\t<div class=\"elementor-element elementor-element-3bc6beb2 e-flex e-con-boxed e-con e-parent\" data-id=\"3bc6beb2\" data-element_type=\"container\" data-e-type=\"container\">\n\t\t\t\t\t<div class=\"e-con-inner\">\n\t\t<div class=\"elementor-element elementor-element-3b1c90bb e-con-full e-flex e-con e-child\" data-id=\"3b1c90bb\" data-element_type=\"container\" data-e-type=\"container\">\n\t\t\t\t<div class=\"elementor-element elementor-element-8273f77 elementor-widget elementor-widget-text-editor\" data-id=\"8273f77\" data-element_type=\"widget\" data-e-type=\"widget\" data-widget_type=\"text-editor.default\">\n\t\t\t\t\t\t\t\t\t<p>Kontaktformular<\/p>\t\t\t\t\t\t\t\t<\/div>\n\t\t\t\t<div class=\"elementor-element elementor-element-58368289 elementor-widget elementor-widget-text-editor\" data-id=\"58368289\" data-element_type=\"widget\" data-e-type=\"widget\" data-widget_type=\"text-editor.default\">\n\t\t\t\t\t\t\t\t\t<p>* Pflichtfelder<\/p>\t\t\t\t\t\t\t\t<\/div>\n\t\t\t\t<div class=\"elementor-element elementor-element-57e3ae1 elementor-button-align-start elementor-widget elementor-widget-form\" data-id=\"57e3ae1\" data-element_type=\"widget\" data-e-type=\"widget\" data-settings=\"{&quot;step_next_label&quot;:&quot;N\\u00e4chster&quot;,&quot;step_previous_label&quot;:&quot;Voriger&quot;,&quot;button_width&quot;:&quot;100&quot;,&quot;step_type&quot;:&quot;number_text&quot;,&quot;step_icon_shape&quot;:&quot;circle&quot;}\" data-widget_type=\"form.default\">\n\t\t\t\t\t\t\t<form class=\"elementor-form\" method=\"post\" name=\"Neues Formular\" aria-label=\"Neues Formular\">\n\t\t\t<input type=\"hidden\" name=\"post_id\" value=\"29\"\/>\n\t\t\t<input type=\"hidden\" name=\"form_id\" value=\"57e3ae1\"\/>\n\t\t\t<input type=\"hidden\" name=\"referer_title\" value=\"Anfahrt - Gasthof Rangau nach Ansbach\" \/>\n\n\t\t\t\t\t\t\t<input type=\"hidden\" name=\"queried_id\" value=\"29\"\/>\n\t\t\t\n\t\t\t<div class=\"elementor-form-fields-wrapper elementor-labels-above\">\n\t\t\t\t\t\t\t\t<div class=\"elementor-field-type-text elementor-field-group elementor-column elementor-field-group-field_993222f elementor-col-33\">\n\t\t\t\t\t\t\t\t\t\t\t\t\t<input size=\"1\" type=\"text\" name=\"form_fields[field_993222f]\" id=\"form-field-field_993222f\" class=\"elementor-field elementor-size-md  elementor-field-textual\" placeholder=\"Vorname\">\n\t\t\t\t\t\t\t\t\t\t\t<\/div>\n\t\t\t\t\t\t\t\t<div class=\"elementor-field-type-text elementor-field-group elementor-column elementor-field-group-name elementor-col-33 elementor-field-required\">\n\t\t\t\t\t\t\t\t\t\t\t\t\t<input size=\"1\" type=\"text\" name=\"form_fields[name]\" id=\"form-field-name\" class=\"elementor-field elementor-size-md  elementor-field-textual\" placeholder=\"Name*\" required=\"required\">\n\t\t\t\t\t\t\t\t\t\t\t<\/div>\n\t\t\t\t\t\t\t\t<div class=\"elementor-field-type-text elementor-field-group elementor-column elementor-field-group-field_b6368d1 elementor-col-33\">\n\t\t\t\t\t\t\t\t\t\t\t\t\t<input size=\"1\" type=\"text\" name=\"form_fields[field_b6368d1]\" id=\"form-field-field_b6368d1\" class=\"elementor-field elementor-size-md  elementor-field-textual\" placeholder=\"Firma\">\n\t\t\t\t\t\t\t\t\t\t\t<\/div>\n\t\t\t\t\t\t\t\t<div class=\"elementor-field-type-text elementor-field-group elementor-column elementor-field-group-field_5b4d357 elementor-col-50\">\n\t\t\t\t\t\t\t\t\t\t\t\t\t<input size=\"1\" type=\"text\" name=\"form_fields[field_5b4d357]\" id=\"form-field-field_5b4d357\" class=\"elementor-field elementor-size-md  elementor-field-textual\" placeholder=\"Stra\u00dfe\">\n\t\t\t\t\t\t\t\t\t\t\t<\/div>\n\t\t\t\t\t\t\t\t<div class=\"elementor-field-type-text elementor-field-group elementor-column elementor-field-group-field_b2a6e59 elementor-col-50\">\n\t\t\t\t\t\t\t\t\t\t\t\t\t<input size=\"1\" type=\"text\" name=\"form_fields[field_b2a6e59]\" id=\"form-field-field_b2a6e59\" class=\"elementor-field elementor-size-md  elementor-field-textual\" placeholder=\"PLZ\/Ort\">\n\t\t\t\t\t\t\t\t\t\t\t<\/div>\n\t\t\t\t\t\t\t\t<div class=\"elementor-field-type-email elementor-field-group elementor-column elementor-field-group-email elementor-col-50 elementor-field-required\">\n\t\t\t\t\t\t\t\t\t\t\t\t\t<input size=\"1\" type=\"email\" name=\"form_fields[email]\" id=\"form-field-email\" class=\"elementor-field elementor-size-md  elementor-field-textual\" placeholder=\"E-Mail*\" required=\"required\">\n\t\t\t\t\t\t\t\t\t\t\t<\/div>\n\t\t\t\t\t\t\t\t<div class=\"elementor-field-type-tel elementor-field-group elementor-column elementor-field-group-field_349f9b1 elementor-col-50 elementor-field-required\">\n\t\t\t\t\t\t\t<input size=\"1\" type=\"tel\" name=\"form_fields[field_349f9b1]\" id=\"form-field-field_349f9b1\" class=\"elementor-field elementor-size-md  elementor-field-textual\" placeholder=\"Telefon*\" required=\"required\" pattern=\"[0-9()#&amp;+*-=.]+\" title=\"Only numbers and phone characters (#, -, *, etc) are accepted.\">\n\n\t\t\t\t\t\t<\/div>\n\t\t\t\t\t\t\t\t<div class=\"elementor-field-type-textarea elementor-field-group elementor-column elementor-field-group-message elementor-col-100\">\n\t\t\t\t\t<textarea class=\"elementor-field-textual elementor-field  elementor-size-md\" name=\"form_fields[message]\" id=\"form-field-message\" rows=\"4\" placeholder=\"M\u00f6chten Sie uns etwas mitteilen?\"><\/textarea>\t\t\t\t<\/div>\n\t\t\t\t\t\t\t\t<div class=\"elementor-field-type-acceptance elementor-field-group elementor-column elementor-field-group-field_14d3fe9 elementor-col-100\">\n\t\t\t\t\t\t\t\t\t\t\t\t<label for=\"form-field-field_14d3fe9\" class=\"elementor-field-label\">\n\t\t\t\t\t\t\t\tEinverst\u00e4ndniserkl\u00e4rung\t\t\t\t\t\t\t<\/label>\n\t\t\t\t\t\t\t\t<div class=\"elementor-field-subgroup\">\n\t\t\t<span class=\"elementor-field-option\">\n\t\t\t\t<input type=\"checkbox\" name=\"form_fields[field_14d3fe9]\" id=\"form-field-field_14d3fe9\" class=\"elementor-field elementor-size-md  elementor-acceptance-field\">\n\t\t\t\t<label for=\"form-field-field_14d3fe9\"> Ich gebe hiermit das Einverst\u00e4ndnis zur Verarbeitung meiner Daten gem\u00e4\u00df Datenschutzerkl\u00e4rung. Sie k\u00f6nnen die Speicherung Ihrer Daten jederzeit widerrufen, indem Sie uns eine E-Mail an: info@hotel-gasthof-rangau.de zukommen lassen.<\/label>\t\t\t<\/span>\n\t\t<\/div>\n\t\t\t\t\t\t<\/div>\n\t\t\t\t\t\t\t\t<div class=\"elementor-field-type-hcaptcha elementor-field-group elementor-column elementor-field-group-field_7e1a132 elementor-col-100\">\n\t\t\t\t\t<div class=\"elementor-field\" id=\"form-field-field_7e1a132\"><div class=\"elementor-hcaptcha\">\t\t<input\n\t\t\t\ttype=\"hidden\"\n\t\t\t\tclass=\"hcaptcha-widget-id\"\n\t\t\t\tname=\"hcaptcha-widget-id\"\n\t\t\t\tvalue=\"eyJzb3VyY2UiOlsiZWxlbWVudG9yLXByb1wvZWxlbWVudG9yLXByby5waHAiXSwiZm9ybV9pZCI6MH0=-2ff47270cbcd7ad61c5ff9837f4d613c\">\n\t\t\t\t<h-captcha\n\t\t\tclass=\"h-captcha\"\n\t\t\tdata-sitekey=\"0b719d71-6343-43b5-800a-33328ff8128c\"\n\t\t\tdata-theme=\"light\"\n\t\t\tdata-size=\"normal\"\n\t\t\tdata-auto=\"false\"\n\t\t\tdata-ajax=\"false\"\n\t\t\tdata-force=\"false\">\n\t\t<\/h-captcha>\n\t\t<\/div><\/div>\t\t\t\t<\/div>\n\t\t\t\t\t\t\t\t<div class=\"elementor-field-group elementor-column elementor-field-type-submit elementor-col-100 e-form__buttons\">\n\t\t\t\t\t<button class=\"elementor-button elementor-size-sm\" type=\"submit\">\n\t\t\t\t\t\t<span class=\"elementor-button-content-wrapper\">\n\t\t\t\t\t\t\t\t\t\t\t\t\t\t\t\t\t\t\t\t\t\t<span class=\"elementor-button-text\">Nachricht senden<\/span>\n\t\t\t\t\t\t\t\t\t\t\t\t\t<\/span>\n\t\t\t\t\t<\/button>\n\t\t\t\t<\/div>\n\t\t\t<\/div>\n\t\t<\/form>\n\t\t\t\t\t\t<\/div>\n\t\t\t\t<div class=\"elementor-element elementor-element-7d160ee8 elementor-widget elementor-widget-text-editor\" data-id=\"7d160ee8\" data-element_type=\"widget\" data-e-type=\"widget\" data-widget_type=\"text-editor.default\">\n\t\t\t\t\t\t\t\t\t<p><b>Hotel Gasthof Rangau<br \/><\/b><b>Familie Stritzel<br \/><\/b>Laurentiusstra\u00dfe 5\u00a0 |\u00a0 91522 Ansbach<b><br \/><\/b><\/p><p>Telefon: 0981 61551\u00a0 |\u00a0 <a href=\"mailto:info@hotel-gasthof-rangau.de?subject=Neue Nachricht von der Webseite\" target=\"_blank\" rel=\"noopener\">info@hotel-gasthof-rangau.de<\/a><\/p>\t\t\t\t\t\t\t\t<\/div>\n\t\t\t\t<\/div>\n\t\t\t\t\t<\/div>\n\t\t\t\t<\/div>\n\t\t<div class=\"elementor-element elementor-element-4ab62a5b e-con-full e-flex e-con e-parent\" data-id=\"4ab62a5b\" data-element_type=\"container\" data-e-type=\"container\">\n\t\t\t\t<div class=\"elementor-element elementor-element-527bd66d elementor-widget elementor-widget-google_maps\" data-id=\"527bd66d\" data-element_type=\"widget\" data-e-type=\"widget\" data-widget_type=\"google_maps.default\">\n\t\t\t\t\t\t\t<div class=\"elementor-custom-embed\">\n\t\t\t<iframe loading=\"lazy\"\n\t\t\t\t\tsrc=\"https:\/\/maps.google.com\/maps?q=Hotel%20Gasthof%20Rangau%2C%20Laurentiusstra%C3%9Fe%205%20%E2%80%A2%2091522%20Ansbach&#038;t=m&#038;z=15&#038;output=embed&#038;iwloc=near\"\n\t\t\t\t\ttitle=\"Hotel Gasthof Rangau, Laurentiusstra\u00dfe 5 \u2022 91522 Ansbach\"\n\t\t\t\t\taria-label=\"Hotel Gasthof Rangau, Laurentiusstra\u00dfe 5 \u2022 91522 Ansbach\"\n\t\t\t><\/iframe>\n\t\t<\/div>\n\t\t\t\t\t\t<\/div>\n\t\t\t\t<\/div>\n\t\t\t\t<\/div>\n\t\t","protected":false},"excerpt":{"rendered":"<p>Nutzen Sie unser Kontaktformular &#8230; wenn Sie Fragen, W\u00fcnsche oder Anregungen haben. Zeitnah werden wir uns bei Ihnen zur\u00fcckmelden. Wir freuen uns jetzt schon auf Ihre Nachricht. Kontaktformular * Pflichtfelder Hotel Gasthof RangauFamilie StritzelLaurentiusstra\u00dfe 5\u00a0 |\u00a0 91522 Ansbach Telefon: 0981 61551\u00a0 |\u00a0 info@hotel-gasthof-rangau.de<\/p>","protected":false},"author":2,"featured_media":0,"parent":0,"menu_order":0,"comment_status":"closed","ping_status":"closed","template":"elementor_header_footer","meta":{"footnotes":""},"class_list":["post-29","page","type-page","status-publish","hentry"],"yoast_head":"<!-- This site is optimized with the Yoast SEO plugin v27.1.1 - https:\/\/yoast.com\/product\/yoast-seo-wordpress\/ -->\n<title>Anfahrt - Gasthof Rangau nach Ansbach<\/title>\n<meta name=\"description\" content=\"Kontaktieren Sie das Hotel Gasthof Rangau bei Rothenburg ob der Tauber. Jetzt Zimmer reservieren oder Tisch im Restaurant buchen.\" \/>\n<meta name=\"robots\" content=\"index, follow, max-snippet:-1, max-image-preview:large, max-video-preview:-1\" \/>\n<link rel=\"canonical\" href=\"https:\/\/www.hotel-gasthof-rangau.de\/en\/kontakt-anfahrt\/\" \/>\n<meta property=\"og:locale\" content=\"en_GB\" \/>\n<meta property=\"og:type\" content=\"article\" \/>\n<meta property=\"og:title\" content=\"Anfahrt - Gasthof Rangau nach Ansbach\" \/>\n<meta property=\"og:description\" content=\"Kontaktieren Sie das Hotel Gasthof Rangau bei Rothenburg ob der Tauber. Jetzt Zimmer reservieren oder Tisch im Restaurant buchen.\" \/>\n<meta property=\"og:url\" content=\"https:\/\/www.hotel-gasthof-rangau.de\/en\/kontakt-anfahrt\/\" \/>\n<meta property=\"og:site_name\" content=\"Gasthof Rangau\" \/>\n<meta property=\"article:modified_time\" content=\"2026-03-05T07:52:43+00:00\" \/>\n<meta name=\"twitter:card\" content=\"summary_large_image\" \/>\n<meta name=\"twitter:label1\" content=\"Estimated reading time\" \/>\n\t<meta name=\"twitter:data1\" content=\"1 minute\" \/>\n<script type=\"application\/ld+json\" class=\"yoast-schema-graph\">{\"@context\":\"https:\/\/schema.org\",\"@graph\":[{\"@type\":\"WebPage\",\"@id\":\"https:\/\/www.hotel-gasthof-rangau.de\/kontakt-anfahrt\/\",\"url\":\"https:\/\/www.hotel-gasthof-rangau.de\/kontakt-anfahrt\/\",\"name\":\"Anfahrt - Gasthof Rangau nach Ansbach\",\"isPartOf\":{\"@id\":\"https:\/\/www.hotel-gasthof-rangau.de\/#website\"},\"datePublished\":\"2025-06-13T07:46:11+00:00\",\"dateModified\":\"2026-03-05T07:52:43+00:00\",\"description\":\"Kontaktieren Sie das Hotel Gasthof Rangau bei Rothenburg ob der Tauber. Jetzt Zimmer reservieren oder Tisch im Restaurant buchen.\",\"breadcrumb\":{\"@id\":\"https:\/\/www.hotel-gasthof-rangau.de\/kontakt-anfahrt\/#breadcrumb\"},\"inLanguage\":\"en-GB\",\"potentialAction\":[{\"@type\":\"ReadAction\",\"target\":[\"https:\/\/www.hotel-gasthof-rangau.de\/kontakt-anfahrt\/\"]}]},{\"@type\":\"BreadcrumbList\",\"@id\":\"https:\/\/www.hotel-gasthof-rangau.de\/kontakt-anfahrt\/#breadcrumb\",\"itemListElement\":[{\"@type\":\"ListItem\",\"position\":1,\"name\":\"Startseite\",\"item\":\"https:\/\/www.hotel-gasthof-rangau.de\/\"},{\"@type\":\"ListItem\",\"position\":2,\"name\":\"Kontakt &amp; Anfahrt\"}]},{\"@type\":\"WebSite\",\"@id\":\"https:\/\/www.hotel-gasthof-rangau.de\/#website\",\"url\":\"https:\/\/www.hotel-gasthof-rangau.de\/\",\"name\":\"Gasthof Rangau\",\"description\":\"Hotel und Gasthof Rangau in Ansbach\",\"publisher\":{\"@id\":\"https:\/\/www.hotel-gasthof-rangau.de\/#organization\"},\"potentialAction\":[{\"@type\":\"SearchAction\",\"target\":{\"@type\":\"EntryPoint\",\"urlTemplate\":\"https:\/\/www.hotel-gasthof-rangau.de\/?s={search_term_string}\"},\"query-input\":{\"@type\":\"PropertyValueSpecification\",\"valueRequired\":true,\"valueName\":\"search_term_string\"}}],\"inLanguage\":\"en-GB\"},{\"@type\":\"Organization\",\"@id\":\"https:\/\/www.hotel-gasthof-rangau.de\/#organization\",\"name\":\"Gasthof Rangau\",\"url\":\"https:\/\/www.hotel-gasthof-rangau.de\/\",\"logo\":{\"@type\":\"ImageObject\",\"inLanguage\":\"en-GB\",\"@id\":\"https:\/\/www.hotel-gasthof-rangau.de\/#\/schema\/logo\/image\/\",\"url\":\"https:\/\/www.hotel-gasthof-rangau.de\/wp-content\/uploads\/cropped-Rangau_Logo_500x218.png\",\"contentUrl\":\"https:\/\/www.hotel-gasthof-rangau.de\/wp-content\/uploads\/cropped-Rangau_Logo_500x218.png\",\"width\":500,\"height\":216,\"caption\":\"Gasthof Rangau\"},\"image\":{\"@id\":\"https:\/\/www.hotel-gasthof-rangau.de\/#\/schema\/logo\/image\/\"}}]}<\/script>\n<!-- \/ Yoast SEO plugin. -->","yoast_head_json":{"title":"Anfahrt - Gasthof Rangau nach Ansbach","description":"Kontaktieren Sie das Hotel Gasthof Rangau bei Rothenburg ob der Tauber. Jetzt Zimmer reservieren oder Tisch im Restaurant buchen.","robots":{"index":"index","follow":"follow","max-snippet":"max-snippet:-1","max-image-preview":"max-image-preview:large","max-video-preview":"max-video-preview:-1"},"canonical":"https:\/\/www.hotel-gasthof-rangau.de\/en\/kontakt-anfahrt\/","og_locale":"en_GB","og_type":"article","og_title":"Anfahrt - Gasthof Rangau nach Ansbach","og_description":"Kontaktieren Sie das Hotel Gasthof Rangau bei Rothenburg ob der Tauber. Jetzt Zimmer reservieren oder Tisch im Restaurant buchen.","og_url":"https:\/\/www.hotel-gasthof-rangau.de\/en\/kontakt-anfahrt\/","og_site_name":"Gasthof Rangau","article_modified_time":"2026-03-05T07:52:43+00:00","twitter_card":"summary_large_image","twitter_misc":{"Estimated reading time":"1 minute"},"schema":{"@context":"https:\/\/schema.org","@graph":[{"@type":"WebPage","@id":"https:\/\/www.hotel-gasthof-rangau.de\/kontakt-anfahrt\/","url":"https:\/\/www.hotel-gasthof-rangau.de\/kontakt-anfahrt\/","name":"Anfahrt - Gasthof Rangau nach Ansbach","isPartOf":{"@id":"https:\/\/www.hotel-gasthof-rangau.de\/#website"},"datePublished":"2025-06-13T07:46:11+00:00","dateModified":"2026-03-05T07:52:43+00:00","description":"Kontaktieren Sie das Hotel Gasthof Rangau bei Rothenburg ob der Tauber. Jetzt Zimmer reservieren oder Tisch im Restaurant buchen.","breadcrumb":{"@id":"https:\/\/www.hotel-gasthof-rangau.de\/kontakt-anfahrt\/#breadcrumb"},"inLanguage":"en-GB","potentialAction":[{"@type":"ReadAction","target":["https:\/\/www.hotel-gasthof-rangau.de\/kontakt-anfahrt\/"]}]},{"@type":"BreadcrumbList","@id":"https:\/\/www.hotel-gasthof-rangau.de\/kontakt-anfahrt\/#breadcrumb","itemListElement":[{"@type":"ListItem","position":1,"name":"Startseite","item":"https:\/\/www.hotel-gasthof-rangau.de\/"},{"@type":"ListItem","position":2,"name":"Kontakt &amp; Anfahrt"}]},{"@type":"WebSite","@id":"https:\/\/www.hotel-gasthof-rangau.de\/#website","url":"https:\/\/www.hotel-gasthof-rangau.de\/","name":"Rangau Inn","description":"Hotel und Gasthof Rangau in Ansbach","publisher":{"@id":"https:\/\/www.hotel-gasthof-rangau.de\/#organization"},"potentialAction":[{"@type":"SearchAction","target":{"@type":"EntryPoint","urlTemplate":"https:\/\/www.hotel-gasthof-rangau.de\/?s={search_term_string}"},"query-input":{"@type":"PropertyValueSpecification","valueRequired":true,"valueName":"search_term_string"}}],"inLanguage":"en-GB"},{"@type":"Organization","@id":"https:\/\/www.hotel-gasthof-rangau.de\/#organization","name":"Rangau Inn","url":"https:\/\/www.hotel-gasthof-rangau.de\/","logo":{"@type":"ImageObject","inLanguage":"en-GB","@id":"https:\/\/www.hotel-gasthof-rangau.de\/#\/schema\/logo\/image\/","url":"https:\/\/www.hotel-gasthof-rangau.de\/wp-content\/uploads\/cropped-Rangau_Logo_500x218.png","contentUrl":"https:\/\/www.hotel-gasthof-rangau.de\/wp-content\/uploads\/cropped-Rangau_Logo_500x218.png","width":500,"height":216,"caption":"Gasthof Rangau"},"image":{"@id":"https:\/\/www.hotel-gasthof-rangau.de\/#\/schema\/logo\/image\/"}}]}},"_links":{"self":[{"href":"https:\/\/www.hotel-gasthof-rangau.de\/en\/wp-json\/wp\/v2\/pages\/29","targetHints":{"allow":["GET"]}}],"collection":[{"href":"https:\/\/www.hotel-gasthof-rangau.de\/en\/wp-json\/wp\/v2\/pages"}],"about":[{"href":"https:\/\/www.hotel-gasthof-rangau.de\/en\/wp-json\/wp\/v2\/types\/page"}],"author":[{"embeddable":true,"href":"https:\/\/www.hotel-gasthof-rangau.de\/en\/wp-json\/wp\/v2\/users\/2"}],"replies":[{"embeddable":true,"href":"https:\/\/www.hotel-gasthof-rangau.de\/en\/wp-json\/wp\/v2\/comments?post=29"}],"version-history":[{"count":52,"href":"https:\/\/www.hotel-gasthof-rangau.de\/en\/wp-json\/wp\/v2\/pages\/29\/revisions"}],"predecessor-version":[{"id":1662,"href":"https:\/\/www.hotel-gasthof-rangau.de\/en\/wp-json\/wp\/v2\/pages\/29\/revisions\/1662"}],"wp:attachment":[{"href":"https:\/\/www.hotel-gasthof-rangau.de\/en\/wp-json\/wp\/v2\/media?parent=29"}],"curies":[{"name":"wp","href":"https:\/\/api.w.org\/{rel}","templated":true}]}}